{"id":3,"date":"2021-06-27T09:06:12","date_gmt":"2021-06-27T09:06:12","guid":{"rendered":"https:\/\/www.lifeco-uk.com\/?page_id=3"},"modified":"2024-01-16T08:46:41","modified_gmt":"2024-01-16T08:46:41","slug":"privacy-policy","status":"publish","type":"page","link":"https:\/\/www.lifeco-uk.com\/es\/privacy-policy\/","title":{"rendered":"pol\u00edtica de privacidad"},"content":{"rendered":"<div data-elementor-type=\"wp-page\" data-elementor-id=\"3\" class=\"elementor elementor-3\" data-elementor-post-type=\"page\">\n\t\t\t\t\t\t<section data-particle_enable=\"false\" data-particle-mobile-disabled=\"false\" class=\"elementor-section elementor-top-section elementor-element elementor-element-9c26cd5 elementor-section-height-min-height category-banner elementor-section-boxed elementor-section-height-default elementor-section-items-middle\" data-id=\"9c26cd5\" data-element_type=\"section\" data-e-type=\"section\" data-settings=\"{&quot;background_background&quot;:&quot;classic&quot;}\">\n\t\t\t\t\t\t<div class=\"elementor-container elementor-column-gap-no\">\n\t\t\t\t\t<div class=\"elementor-column elementor-col-100 elementor-top-column elementor-element elementor-element-ab11979\" data-id=\"ab11979\" data-element_type=\"column\" data-e-type=\"column\">\n\t\t\t<div class=\"elementor-widget-wrap elementor-element-populated\">\n\t\t\t\t\t\t<div class=\"elementor-element elementor-element-cde319f cate-title animated-slow elementor-invisible elementor-widget elementor-widget-heading\" data-id=\"cde319f\" data-element_type=\"widget\" data-e-type=\"widget\" data-settings=\"{&quot;_animation&quot;:&quot;fadeInUp&quot;}\" data-widget_type=\"heading.default\">\n\t\t\t\t<div class=\"elementor-widget-container\">\n\t\t\t\t\t<h1 class=\"elementor-heading-title elementor-size-default\">pol\u00edtica de privacidad<\/h1>\t\t\t\t<\/div>\n\t\t\t\t<\/div>\n\t\t\t\t\t<\/div>\n\t\t<\/div>\n\t\t\t\t\t<\/div>\n\t\t<\/section>\n\t\t\t\t<section data-particle_enable=\"false\" data-particle-mobile-disabled=\"false\" class=\"elementor-section elementor-top-section elementor-element elementor-element-0c4d51c elementor-section-boxed elementor-section-height-default elementor-section-height-default\" data-id=\"0c4d51c\" data-element_type=\"section\" data-e-type=\"section\">\n\t\t\t\t\t\t<div class=\"elementor-container elementor-column-gap-no\">\n\t\t\t\t\t<div class=\"elementor-column elementor-col-100 elementor-top-column elementor-element elementor-element-d48e37c\" data-id=\"d48e37c\" data-element_type=\"column\" data-e-type=\"column\">\n\t\t\t<div class=\"elementor-widget-wrap elementor-element-populated\">\n\t\t\t\t\t\t<div class=\"elementor-element elementor-element-7026440 elementor-widget elementor-widget-text-editor\" data-id=\"7026440\" data-element_type=\"widget\" data-e-type=\"widget\" data-widget_type=\"text-editor.default\">\n\t\t\t\t<div class=\"elementor-widget-container\">\n\t\t\t\t\t\t\t\t\t<p>Fecha de entrada en vigor: 01-01-2020<\/p><p>1. Introducci\u00f3n<\/p><p>Bienvenido a LICHFIELD FIRE &amp; SAFETY EQUIPMENT CO LTD.<\/p><p>LICHFIELD FIRE &amp; SAFETY EQUIPMENT CO LTD (\u201cnosotros\u201d, \u201cnos\u201d o \u201cnuestro\u201d) opera www.lifeco-uk.com (en adelante denominado \u201cServicio\u201d).<\/p><p>Nuestra Pol\u00edtica de privacidad rige su visita a www.lifeco-uk.com y explica c\u00f3mo recopilamos, salvaguardamos y divulgamos la informaci\u00f3n que resulta de su uso de nuestro Servicio.<\/p><p>Utilizamos sus datos para proporcionar y mejorar el Servicio. Al utilizar el Servicio, usted acepta la recopilaci\u00f3n y el uso de informaci\u00f3n de acuerdo con esta pol\u00edtica. A menos que se defina lo contrario en esta Pol\u00edtica de privacidad, los t\u00e9rminos utilizados en esta Pol\u00edtica de privacidad tienen el mismo significado que en nuestros T\u00e9rminos y condiciones.<\/p><p>Nuestros T\u00e9rminos y Condiciones (\u201cT\u00e9rminos\u201d) rigen todo uso de nuestro Servicio y junto con la Pol\u00edtica de Privacidad constituyen su acuerdo con nosotros (\u201cacuerdo\u201d).<\/p><p>2. Definiciones<\/p><p>SERVICIO significa el sitio web www.lifeco-uk.com operado por LICHFIELD FIRE &amp; SAFETY EQUIPMENT CO LTD.<\/p><p>DATOS PERSONALES significa datos sobre un individuo vivo que puede ser identificado a partir de esos datos (o de esos y otra informaci\u00f3n que est\u00e9 en nuestro poder o que probablemente llegue a estar en nuestro poder).<\/p><p>DATOS DE USO son datos recopilados autom\u00e1ticamente, generados por el uso del Servicio o por la propia infraestructura del Servicio (por ejemplo, la duraci\u00f3n de la visita a una p\u00e1gina).<\/p><p>Las COOKIES son peque\u00f1os archivos que se almacenan en su dispositivo (computadora o dispositivo m\u00f3vil).<\/p><p>RESPONSABLE DEL TRATAMIENTO DE DATOS significa una persona f\u00edsica o jur\u00eddica que (ya sea sola o en conjunto con otras personas) determina los fines y la forma en que se procesan o se procesar\u00e1n los datos personales. A los efectos de esta Pol\u00edtica de privacidad, somos el Responsable del tratamiento de sus datos.<\/p><p>ENCARGADOS DEL TRATAMIENTO DE DATOS (O PROVEEDORES DE SERVICIOS) significa cualquier persona f\u00edsica o jur\u00eddica que procese los datos en nombre del Responsable del Tratamiento. Podemos utilizar los servicios de varios Proveedores de Servicios para procesar sus datos de manera m\u00e1s efectiva.<\/p><p>EL INTERESADO DE LOS DATOS es cualquier persona f\u00edsica viva que sea objeto de Datos Personales.<\/p><p>EL USUARIO es la persona f\u00edsica que utiliza nuestro Servicio. El Usuario corresponde al Titular de los Datos, que es el sujeto de los Datos Personales.<\/p><p>3. Recopilaci\u00f3n y uso de informaci\u00f3n<\/p><p>Recopilamos varios tipos diferentes de informaci\u00f3n para diversos fines con el fin de brindarle y mejorar nuestro Servicio.<\/p><p>4. Tipos de datos recopilados<\/p><p>Datos personales<\/p><p>Al utilizar nuestro Servicio, es posible que le pidamos que nos proporcione cierta informaci\u00f3n de identificaci\u00f3n personal que se pueda utilizar para contactarlo o identificarlo (\u201cDatos personales\u201d). La informaci\u00f3n de identificaci\u00f3n personal puede incluir, entre otros:<\/p><p>0.1. Direcci\u00f3n de correo electr\u00f3nico<\/p><p>0.2. Nombre y apellido<\/p><p>0.3. N\u00famero de tel\u00e9fono<\/p><p>0.4. Direcci\u00f3n, Pa\u00eds, Estado, Provincia, C\u00f3digo Postal, Ciudad<\/p><p>0.5. Cookies y datos de uso<\/p><p>Podemos utilizar sus Datos Personales para ponernos en contacto con usted y enviarle boletines informativos, materiales de marketing o promocionales y otra informaci\u00f3n que pueda ser de su inter\u00e9s. Puede optar por no recibir ninguna o todas estas comunicaciones nuestras siguiendo el enlace para cancelar la suscripci\u00f3n.<\/p><p>Datos de uso<\/p><p>Tambi\u00e9n podemos recopilar informaci\u00f3n que su navegador env\u00eda cada vez que visita nuestro Servicio o cuando accede al Servicio mediante cualquier dispositivo (\u201cDatos de uso\u201d).<\/p><p>Estos Datos de uso pueden incluir informaci\u00f3n como la direcci\u00f3n de Protocolo de Internet de su computadora (por ejemplo, direcci\u00f3n IP), tipo de navegador, versi\u00f3n del navegador, las p\u00e1ginas de nuestro Servicio que visita, la hora y fecha de su visita, el tiempo dedicado a esas p\u00e1ginas, identificadores \u00fanicos de dispositivo y otros datos de diagn\u00f3stico.<\/p><p>Cuando accede al Servicio con un dispositivo, estos Datos de uso pueden incluir informaci\u00f3n como el tipo de dispositivo que utiliza, la identificaci\u00f3n \u00fanica de su dispositivo, la direcci\u00f3n IP de su dispositivo, el sistema operativo de su dispositivo, el tipo de navegador de Internet que utiliza, identificadores \u00fanicos del dispositivo y otros datos de diagn\u00f3stico.<\/p><p>Datos de ubicaci\u00f3n<\/p><p>Podemos utilizar y almacenar informaci\u00f3n sobre su ubicaci\u00f3n si nos da permiso para hacerlo (\u201cDatos de ubicaci\u00f3n\u201d). Utilizamos estos datos para proporcionar funciones de nuestro Servicio, para mejorarlo y personalizarlo.<\/p><p>Puede habilitar o deshabilitar los servicios de ubicaci\u00f3n cuando utilice nuestro Servicio en cualquier momento a trav\u00e9s de la configuraci\u00f3n de su dispositivo.<\/p><p>Datos de cookies de seguimiento<\/p><p>Utilizamos cookies y tecnolog\u00edas de seguimiento similares para rastrear la actividad en nuestro Servicio y guardamos cierta informaci\u00f3n.<\/p><p>Las cookies son archivos con una peque\u00f1a cantidad de datos que pueden incluir un identificador \u00fanico an\u00f3nimo. Las cookies se env\u00edan a su navegador desde un sitio web y se almacenan en su dispositivo. Tambi\u00e9n se utilizan otras tecnolog\u00edas de seguimiento, como balizas, etiquetas y scripts, para recopilar y rastrear informaci\u00f3n y para mejorar y analizar nuestro Servicio.<\/p><p>Puede configurar su navegador para que rechace todas las cookies o para que le indique cu\u00e1ndo se env\u00eda una cookie. Sin embargo, si no acepta las cookies, es posible que no pueda utilizar algunas partes de nuestro Servicio.<\/p><p>Ejemplos de cookies que utilizamos:<\/p><p>0.1. Cookies de sesi\u00f3n: utilizamos cookies de sesi\u00f3n para operar nuestro Servicio.<\/p><p>0.2. Cookies de preferencia: utilizamos cookies de preferencia para recordar sus preferencias y diversas configuraciones.<\/p><p>0.3. Cookies de seguridad: Utilizamos cookies de seguridad por motivos de seguridad.<\/p><p>0.4. Cookies publicitarias: Las cookies publicitarias se utilizan para ofrecerle anuncios que pueden ser relevantes para usted y sus intereses.<\/p><p>Otros datos<\/p><p>Al utilizar nuestro Servicio, tambi\u00e9n podemos recopilar la siguiente informaci\u00f3n: sexo, edad, fecha de nacimiento, lugar de nacimiento, detalles del pasaporte, ciudadan\u00eda, registro en el lugar de residencia y direcci\u00f3n real, n\u00famero de tel\u00e9fono (trabajo, m\u00f3vil), detalles de documentos sobre educaci\u00f3n, calificaci\u00f3n, formaci\u00f3n profesional, contratos de trabajo, acuerdos de NDA, informaci\u00f3n sobre bonificaciones y compensaciones, informaci\u00f3n sobre estado civil, miembros de la familia, n\u00famero de seguridad social (u otra identificaci\u00f3n del contribuyente), ubicaci\u00f3n de la oficina y otros datos.<\/p><p>5. Uso de los datos<\/p><p>LICHFIELD FIRE &amp; SAFETY EQUIPMENT CO LTD utiliza los datos recopilados para diversos fines:<\/p><p>0.1. para proporcionar y mantener nuestro Servicio;<\/p><p>0.2. para notificarle sobre cambios en nuestro Servicio;<\/p><p>0.3. para permitirle participar en funciones interactivas de nuestro Servicio cuando elija hacerlo;<\/p><p>0.4. para proporcionar soporte al cliente;<\/p><p>0.5. para recopilar an\u00e1lisis o informaci\u00f3n valiosa para que podamos mejorar nuestro Servicio;<\/p><p>0.6. para monitorear el uso de nuestro Servicio;<\/p><p>0.7. detectar, prevenir y abordar problemas t\u00e9cnicos;<\/p><p>0.8. para cumplir con cualquier otro prop\u00f3sito para el cual usted lo proporcione;<\/p><p>0.9. para cumplir con nuestras obligaciones y hacer cumplir nuestros derechos derivados de cualquier contrato celebrado entre usted y nosotros, incluidos los de facturaci\u00f3n y cobro;<\/p><p>0.10. para proporcionarle avisos sobre su cuenta y\/o suscripci\u00f3n, incluidos avisos de vencimiento y renovaci\u00f3n, instrucciones por correo electr\u00f3nico, etc.;<\/p><p>0.11. para brindarle noticias, ofertas especiales e informaci\u00f3n general sobre otros bienes, servicios y eventos que ofrecemos y que sean similares a los que ya ha comprado o consultado, a menos que haya optado por no recibir dicha informaci\u00f3n;<\/p><p>0.12. de cualquier otra forma que podamos describir cuando usted proporcione la informaci\u00f3n;<\/p><p>0.13. para cualquier otro prop\u00f3sito con su consentimiento.<\/p><p>6. Conservaci\u00f3n de datos<\/p><p>Conservaremos sus Datos Personales \u00fanicamente durante el tiempo que sea necesario para los fines establecidos en esta Pol\u00edtica de Privacidad. Conservaremos y utilizaremos sus Datos Personales en la medida necesaria para cumplir con nuestras obligaciones legales (por ejemplo, si estamos obligados a conservar sus datos para cumplir con las leyes aplicables), resolver disputas y hacer cumplir nuestros acuerdos y pol\u00edticas legales.<\/p><p>Tambi\u00e9n conservaremos los Datos de uso para fines de an\u00e1lisis interno. Los Datos de uso generalmente se conservan durante un per\u00edodo m\u00e1s corto, excepto cuando estos datos se utilizan para reforzar la seguridad o mejorar la funcionalidad de nuestro Servicio, o estamos obligados legalmente a conservar estos datos durante per\u00edodos de tiempo m\u00e1s largos.<\/p><p>7. Transferencia de datos<\/p><p>Su informaci\u00f3n, incluidos los Datos Personales, puede transferirse y mantenerse en computadoras ubicadas fuera de su estado, provincia, pa\u00eds u otra jurisdicci\u00f3n gubernamental donde las leyes de protecci\u00f3n de datos pueden diferir de las de su jurisdicci\u00f3n.<\/p><p>Si se encuentra fuera del Reino Unido y decide proporcionarnos informaci\u00f3n, tenga en cuenta que transferimos los datos, incluidos los datos personales, al Reino Unido y los procesamos all\u00ed.<\/p><p>Su consentimiento a esta Pol\u00edtica de privacidad seguido de su env\u00edo de dicha informaci\u00f3n representa su aceptaci\u00f3n de dicha transferencia.<\/p><p>LICHFIELD FIRE &amp; SAFETY EQUIPMENT CO LTD tomar\u00e1 todas las medidas razonablemente necesarias para garantizar que sus datos sean tratados de forma segura y de acuerdo con esta Pol\u00edtica de privacidad y no se realizar\u00e1 ninguna transferencia de sus Datos personales a una organizaci\u00f3n o un pa\u00eds a menos que existan controles adecuados establecidos, incluida la seguridad de sus datos y otra informaci\u00f3n personal.<\/p><p>8. Divulgaci\u00f3n de datos<\/p><p>Podemos divulgar informaci\u00f3n personal que recopilemos o que usted proporcione:<\/p><p>0.1. Divulgaci\u00f3n para el cumplimiento de la ley.<\/p><p>En determinadas circunstancias, es posible que estemos obligados a divulgar sus Datos Personales si as\u00ed lo exige la ley o en respuesta a solicitudes v\u00e1lidas de las autoridades p\u00fablicas.<\/p><p>0.2. Transacci\u00f3n comercial.<\/p><p>Si nosotros o nuestras subsidiarias estamos involucrados en una fusi\u00f3n, adquisici\u00f3n o venta de activos, sus Datos Personales pueden ser transferidos.<\/p><p>0.3. Otros casos. Tambi\u00e9n podemos divulgar su informaci\u00f3n:<\/p><p>0.3.1. a nuestras subsidiarias y afiliadas;<\/p><p>0.3.2. a contratistas, proveedores de servicios y otros terceros que utilizamos para respaldar nuestro negocio;<\/p><p>0.3.3. para cumplir con el prop\u00f3sito para el cual usted lo proporciona;<\/p><p>0.3.4. con el fin de incluir el logotipo de su empresa en nuestro sitio web;<\/p><p>0.3.5. para cualquier otro prop\u00f3sito revelado por nosotros cuando usted proporciona la informaci\u00f3n;<\/p><p>0.3.6. con su consentimiento en cualquier otro caso;<\/p><p>0.3.7. si creemos que la divulgaci\u00f3n es necesaria o apropiada para proteger los derechos, la propiedad o la seguridad de la Compa\u00f1\u00eda, nuestros clientes u otros.<\/p><p>9. Seguridad de los datos<\/p><p>La seguridad de sus datos es importante para nosotros, pero recuerde que ning\u00fan m\u00e9todo de transmisi\u00f3n por Internet ni m\u00e9todo de almacenamiento electr\u00f3nico es seguro. Si bien nos esforzamos por utilizar medios comercialmente aceptables para proteger sus Datos personales, no podemos garantizar su seguridad absoluta.<\/p><p>10. Sus derechos en materia de protecci\u00f3n de datos seg\u00fan el Reglamento General de Protecci\u00f3n de Datos (RGPD)<\/p><p>Si reside en la Uni\u00f3n Europea (UE) y el Espacio Econ\u00f3mico Europeo (EEE), tiene ciertos derechos de protecci\u00f3n de datos, contemplados en el RGPD.<\/p><p>Nuestro objetivo es tomar medidas razonables para permitirle corregir, modificar, eliminar o limitar el uso de sus Datos Personales.<\/p><p>Si desea que le informemos qu\u00e9 datos personales tenemos sobre usted y si desea que se eliminen de nuestros sistemas, env\u00edenos un correo electr\u00f3nico a sales@lifeco-uk.com.<\/p><p>En determinadas circunstancias, usted tiene los siguientes derechos de protecci\u00f3n de datos:<\/p><p>0.1. el derecho a acceder, actualizar o eliminar la informaci\u00f3n que tenemos sobre usted;<\/p><p>0.2. el derecho de rectificaci\u00f3n. Tiene derecho a que se rectifiquen sus datos si estos son inexactos o incompletos;<\/p><p>0.3. el derecho a oponerse. Tiene derecho a oponerse a que procesemos sus Datos Personales;<\/p><p>0.4. el derecho de restricci\u00f3n. Tiene derecho a solicitar que restrinjamos el procesamiento de su informaci\u00f3n personal;<\/p><p>0.5. el derecho a la portabilidad de los datos. Tiene derecho a que se le proporcione una copia de sus Datos Personales en un formato estructurado, legible por m\u00e1quina y de uso com\u00fan;<\/p><p>0.6. el derecho a retirar el consentimiento. Tambi\u00e9n tiene derecho a retirar su consentimiento en cualquier momento cuando dependamos de su consentimiento para procesar su informaci\u00f3n personal;<\/p><p>Tenga en cuenta que es posible que le pidamos que verifique su identidad antes de responder a dichas solicitudes. Tenga en cuenta que es posible que no podamos brindarle el Servicio sin algunos datos necesarios.<\/p><p>Tiene derecho a presentar una reclamaci\u00f3n ante una autoridad de protecci\u00f3n de datos sobre la recopilaci\u00f3n y el uso que hacemos de sus datos personales. Para obtener m\u00e1s informaci\u00f3n, p\u00f3ngase en contacto con su autoridad de protecci\u00f3n de datos local en el Espacio Econ\u00f3mico Europeo (EEE).<\/p><p>11. Proveedores de servicios<\/p><p>Podemos emplear empresas e individuos de terceros para facilitar nuestro Servicio (\u201cProveedores de Servicios\u201d), proporcionar el Servicio en nuestro nombre, realizar servicios relacionados con el Servicio o ayudarnos a analizar c\u00f3mo se utiliza nuestro Servicio.<\/p><p>Estos terceros tienen acceso a sus Datos Personales \u00fanicamente para realizar estas tareas en nuestro nombre y est\u00e1n obligados a no divulgarlos ni utilizarlos para ning\u00fan otro prop\u00f3sito.<\/p><p>12. Anal\u00edtica<\/p><p>Podemos utilizar proveedores de servicios externos para supervisar y analizar el uso de nuestro Servicio.<\/p><p>13. Herramientas de CI\/CD<\/p><p>Podemos utilizar proveedores de servicios externos para automatizar el proceso de desarrollo de nuestro Servicio.<\/p><p>14. Remarketing conductual<\/p><p>Podemos utilizar servicios de remarketing para anunciarle en sitios web de terceros despu\u00e9s de que haya visitado nuestro Servicio. Nosotros y nuestros proveedores externos utilizamos cookies para informar, optimizar y mostrar anuncios basados en sus visitas anteriores a nuestro Servicio.<\/p><p>15. Enlaces a otros sitios<\/p><p>Nuestro Servicio puede contener enlaces a otros sitios que no son operados por nosotros. Si hace clic en un enlace de un tercero, se lo dirigir\u00e1 al sitio de ese tercero. Le recomendamos encarecidamente que revise la Pol\u00edtica de privacidad de cada sitio que visite.<\/p><p>No tenemos control ni asumimos ninguna responsabilidad por el contenido, las pol\u00edticas de privacidad o las pr\u00e1cticas de sitios o servicios de terceros.<\/p><p>Por ejemplo, la pol\u00edtica de privacidad descrita se ha elaborado utilizando PolicyMaker.io, una herramienta gratuita que ayuda a crear documentos legales de alta calidad. El generador de pol\u00edticas de privacidad de PolicyMaker es una herramienta f\u00e1cil de usar para crear una pol\u00edtica de privacidad para un blog, un sitio web, una tienda de comercio electr\u00f3nico o una aplicaci\u00f3n m\u00f3vil.<\/p><p>16. Cambios a esta Pol\u00edtica de Privacidad<\/p><p>Es posible que actualicemos nuestra Pol\u00edtica de privacidad de vez en cuando. Le notificaremos cualquier cambio publicando la nueva Pol\u00edtica de privacidad en esta p\u00e1gina.<\/p><p>Le informaremos por correo electr\u00f3nico y\/o mediante un aviso destacado en nuestro Servicio, antes de que el cambio entre en vigencia y actualizaremos la \u201cfecha de vigencia\u201d en la parte superior de esta Pol\u00edtica de privacidad.<\/p><p>Se recomienda revisar peri\u00f3dicamente esta Pol\u00edtica de privacidad para comprobar si se han producido cambios. Los cambios a esta Pol\u00edtica de privacidad entran en vigor cuando se publican en esta p\u00e1gina.<\/p><p>17. Cont\u00e1ctenos<\/p><p>Si tiene alguna pregunta sobre esta Pol\u00edtica de privacidad, cont\u00e1ctenos por correo electr\u00f3nico: sales@lifeco-uk.com.<\/p>\t\t\t\t\t\t\t\t<\/div>\n\t\t\t\t<\/div>\n\t\t\t\t\t<\/div>\n\t\t<\/div>\n\t\t\t\t\t<\/div>\n\t\t<\/section>\n\t\t\t\t<\/div>","protected":false},"excerpt":{"rendered":"<p>Effective date: 2020-01-01 1. Introduction Welcome to LICHFIELD FIRE &amp; SAFETY EQUIPMENT CO LTD. LICHFIELD FIRE &amp; SAFETY EQUIPMENT CO LTD (\u201cus\u201d, \u201cwe\u201d, or \u201cour\u201d) operates www.lifeco-uk.com (hereinafter referred to as \u201cService\u201d). Our Privacy Policy governs your visit to www.lifeco-uk.com, and explains how we collect, safeguard and disclose information that results from your use of [&hellip;]<\/p>\n","protected":false},"author":1,"featured_media":0,"parent":0,"menu_order":0,"comment_status":"closed","ping_status":"open","template":"","meta":{"_acf_changed":false,"inline_featured_image":false,"site-sidebar-layout":"no-sidebar","site-content-layout":"page-builder","ast-site-content-layout":"full-width-container","site-content-style":"default","site-sidebar-style":"default","ast-global-header-display":"","ast-banner-title-visibility":"","ast-main-header-display":"","ast-hfb-above-header-display":"","ast-hfb-below-header-display":"","ast-hfb-mobile-header-display":"","site-post-title":"disabled","ast-breadcrumbs-content":"","ast-featured-img":"disabled","footer-sml-layout":"","ast-disable-related-posts":"","theme-transparent-header-meta":"default","adv-header-id-meta":"","stick-header-meta":"default","header-above-stick-meta":"","header-main-stick-meta":"","header-below-stick-meta":"","astra-migrate-meta-layouts":"set","ast-page-background-enabled":"default","ast-page-background-meta":{"desktop":{"background-color":"","background-image":"","background-repeat":"repeat","background-position":"center center","background-size":"auto","background-attachment":"scroll","background-type":"","background-media":"","overlay-type":"","overlay-color":"","overlay-opacity":"","overlay-gradient":""},"tablet":{"background-color":"","background-image":"","background-repeat":"repeat","background-position":"center center","background-size":"auto","background-attachment":"scroll","background-type":"","background-media":"","overlay-type":"","overlay-color":"","overlay-opacity":"","overlay-gradient":""},"mobile":{"background-color":"","background-image":"","background-repeat":"repeat","background-position":"center center","background-size":"auto","background-attachment":"scroll","background-type":"","background-media":"","overlay-type":"","overlay-color":"","overlay-opacity":"","overlay-gradient":""}},"ast-content-background-meta":{"desktop":{"background-color":"var(--ast-global-color-5)","background-image":"","background-repeat":"repeat","background-position":"center center","background-size":"auto","background-attachment":"scroll","background-type":"","background-media":"","overlay-type":"","overlay-color":"","overlay-opacity":"","overlay-gradient":""},"tablet":{"background-color":"var(--ast-global-color-5)","background-image":"","background-repeat":"repeat","background-position":"center center","background-size":"auto","background-attachment":"scroll","background-type":"","background-media":"","overlay-type":"","overlay-color":"","overlay-opacity":"","overlay-gradient":""},"mobile":{"background-color":"var(--ast-global-color-5)","background-image":"","background-repeat":"repeat","background-position":"center center","background-size":"auto","background-attachment":"scroll","background-type":"","background-media":"","overlay-type":"","overlay-color":"","overlay-opacity":"","overlay-gradient":""}},"footnotes":""},"class_list":["post-3","page","type-page","status-publish","hentry"],"acf":[],"_links":{"self":[{"href":"https:\/\/www.lifeco-uk.com\/es\/wp-json\/wp\/v2\/pages\/3","targetHints":{"allow":["GET"]}}],"collection":[{"href":"https:\/\/www.lifeco-uk.com\/es\/wp-json\/wp\/v2\/pages"}],"about":[{"href":"https:\/\/www.lifeco-uk.com\/es\/wp-json\/wp\/v2\/types\/page"}],"author":[{"embeddable":true,"href":"https:\/\/www.lifeco-uk.com\/es\/wp-json\/wp\/v2\/users\/1"}],"replies":[{"embeddable":true,"href":"https:\/\/www.lifeco-uk.com\/es\/wp-json\/wp\/v2\/comments?post=3"}],"version-history":[{"count":8,"href":"https:\/\/www.lifeco-uk.com\/es\/wp-json\/wp\/v2\/pages\/3\/revisions"}],"predecessor-version":[{"id":8608,"href":"https:\/\/www.lifeco-uk.com\/es\/wp-json\/wp\/v2\/pages\/3\/revisions\/8608"}],"wp:attachment":[{"href":"https:\/\/www.lifeco-uk.com\/es\/wp-json\/wp\/v2\/media?parent=3"}],"curies":[{"name":"gracias","href":"https:\/\/api.w.org\/{rel}","templated":true}]}}