{"id":4893,"date":"2024-01-04T12:02:51","date_gmt":"2024-01-04T12:02:51","guid":{"rendered":"https:\/\/www.lifeco-uk.com\/?page_id=4893"},"modified":"2024-03-01T06:30:42","modified_gmt":"2024-03-01T06:30:42","slug":"addressable-fire-alarm-system","status":"publish","type":"page","link":"https:\/\/www.lifeco-uk.com\/fr\/product-cat\/addressable-fire-alarm-system\/","title":{"rendered":"Syst\u00e8me d&#039;alarme incendie adressable"},"content":{"rendered":"<div data-elementor-type=\"wp-page\" data-elementor-id=\"4893\" class=\"elementor elementor-4893\" data-elementor-post-type=\"page\">\n\t\t\t\t\t\t<section data-particle_enable=\"false\" data-particle-mobile-disabled=\"false\" class=\"elementor-section elementor-top-section elementor-element elementor-element-eae5a19 elementor-section-height-min-height category-banner elementor-section-boxed elementor-section-height-default elementor-section-items-middle\" data-id=\"eae5a19\" data-element_type=\"section\" data-e-type=\"section\" data-settings=\"{&quot;background_background&quot;:&quot;classic&quot;}\">\n\t\t\t\t\t\t\t<div class=\"elementor-background-overlay\"><\/div>\n\t\t\t\t\t\t\t<div class=\"elementor-container elementor-column-gap-no\">\n\t\t\t\t\t<div class=\"elementor-column elementor-col-100 elementor-top-column elementor-element elementor-element-4a93dd4\" data-id=\"4a93dd4\" data-element_type=\"column\" data-e-type=\"column\">\n\t\t\t<div class=\"elementor-widget-wrap elementor-element-populated\">\n\t\t\t\t\t\t<div class=\"elementor-element elementor-element-8e8d5d3 cate-title animated-slow elementor-invisible elementor-widget elementor-widget-heading\" data-id=\"8e8d5d3\" data-element_type=\"widget\" data-e-type=\"widget\" data-settings=\"{&quot;_animation&quot;:&quot;fadeInUp&quot;}\" data-widget_type=\"heading.default\">\n\t\t\t\t<div class=\"elementor-widget-container\">\n\t\t\t\t\t<h1 class=\"elementor-heading-title elementor-size-default\">Syst\u00e8me d&#039;alarme incendie adressable<\/h1>\t\t\t\t<\/div>\n\t\t\t\t<\/div>\n\t\t\t\t<div class=\"elementor-element elementor-element-7e5ca37 cate-text animated-slow elementor-invisible elementor-widget elementor-widget-text-editor\" data-id=\"7e5ca37\" data-element_type=\"widget\" data-e-type=\"widget\" data-settings=\"{&quot;_animation&quot;:&quot;fadeInUp&quot;,&quot;_animation_delay&quot;:100}\" data-widget_type=\"text-editor.default\">\n\t\t\t\t<div class=\"elementor-widget-container\">\n\t\t\t\t\t\t\t\t\t<p>Prot\u00e9gez votre maison, vos biens et vos proches<\/p>\t\t\t\t\t\t\t\t<\/div>\n\t\t\t\t<\/div>\n\t\t\t\t\t<\/div>\n\t\t<\/div>\n\t\t\t\t\t<\/div>\n\t\t<\/section>\n\t\t\t\t<section data-particle_enable=\"false\" data-particle-mobile-disabled=\"false\" class=\"elementor-section elementor-top-section elementor-element elementor-element-03c1d66 elementor-section-height-min-height cate1-banner elementor-section-boxed elementor-section-height-default elementor-section-items-middle\" data-id=\"03c1d66\" data-element_type=\"section\" data-e-type=\"section\" data-settings=\"{&quot;background_background&quot;:&quot;classic&quot;}\">\n\t\t\t\t\t\t<div class=\"elementor-container elementor-column-gap-no\">\n\t\t\t\t\t<div class=\"elementor-column elementor-col-100 elementor-top-column elementor-element elementor-element-bf58918\" data-id=\"bf58918\" data-element_type=\"column\" data-e-type=\"column\">\n\t\t\t<div class=\"elementor-widget-wrap elementor-element-populated\">\n\t\t\t\t\t\t<section data-particle_enable=\"false\" data-particle-mobile-disabled=\"false\" class=\"elementor-section elementor-inner-section elementor-element elementor-element-f2c4f1e elementor-section-full_width elementor-section-height-min-height cate-1-inner elementor-section-height-default\" data-id=\"f2c4f1e\" data-element_type=\"section\" data-e-type=\"section\" data-settings=\"{&quot;background_background&quot;:&quot;classic&quot;}\">\n\t\t\t\t\t\t<div class=\"elementor-container elementor-column-gap-no\">\n\t\t\t\t\t<div class=\"elementor-column elementor-col-33 elementor-inner-column elementor-element elementor-element-a6f4b23 cate1-left animated-slow elementor-invisible\" data-id=\"a6f4b23\" data-element_type=\"column\" data-e-type=\"column\" data-settings=\"{&quot;animation&quot;:&quot;slideInUp&quot;}\">\n\t\t\t<div class=\"elementor-widget-wrap elementor-element-populated\">\n\t\t\t\t\t\t<div class=\"elementor-element elementor-element-6943ef1 cate1-title elementor-widget elementor-widget-heading\" data-id=\"6943ef1\" data-element_type=\"widget\" data-e-type=\"widget\" data-widget_type=\"heading.default\">\n\t\t\t\t<div class=\"elementor-widget-container\">\n\t\t\t\t\t<h2 class=\"elementor-heading-title elementor-size-default\">S\u00e9rie X500<\/h2>\t\t\t\t<\/div>\n\t\t\t\t<\/div>\n\t\t\t\t<div class=\"elementor-element elementor-element-b118e9e cate1-text elementor-widget elementor-widget-text-editor\" data-id=\"b118e9e\" data-element_type=\"widget\" data-e-type=\"widget\" data-widget_type=\"text-editor.default\">\n\t\t\t\t<div class=\"elementor-widget-container\">\n\t\t\t\t\t\t\t\t\tLe syst\u00e8me d&#039;alarme incendie adressable Lifeco s\u00e9rie X500 offre des capacit\u00e9s de d\u00e9tection et de notification avanc\u00e9es pour une s\u00e9curit\u00e9 incendie am\u00e9lior\u00e9e.\t\t\t\t\t\t\t\t<\/div>\n\t\t\t\t<\/div>\n\t\t\t\t\t<\/div>\n\t\t<\/div>\n\t\t\t\t<div class=\"elementor-column elementor-col-33 elementor-inner-column elementor-element elementor-element-376dfda cate1-mid\" data-id=\"376dfda\" data-element_type=\"column\" data-e-type=\"column\">\n\t\t\t<div class=\"elementor-widget-wrap elementor-element-populated\">\n\t\t\t\t\t\t<div class=\"elementor-element elementor-element-3679f73 cate1-img  animated-slow elementor-invisible elementor-widget elementor-widget-image\" data-id=\"3679f73\" data-element_type=\"widget\" data-e-type=\"widget\" data-settings=\"{&quot;_animation&quot;:&quot;zoomIn&quot;}\" data-widget_type=\"image.default\">\n\t\t\t\t<div class=\"elementor-widget-container\">\n\t\t\t\t\t\t\t\t\t\t\t\t\t\t\t<img fetchpriority=\"high\" decoding=\"async\" width=\"614\" height=\"588\" src=\"https:\/\/www.lifeco-uk.com\/wp-content\/uploads\/2024\/02\/Intelligent-Addressable-Fire-Alarm-Control-Panel-LF-X500.png\" class=\"attachment-full size-full wp-image-10200\" alt=\"Lifeco Intelligent Addressable Fire Alarm Control Panel - LPCB Approved\" srcset=\"https:\/\/www.lifeco-uk.com\/wp-content\/uploads\/2024\/02\/Intelligent-Addressable-Fire-Alarm-Control-Panel-LF-X500.png 614w, https:\/\/www.lifeco-uk.com\/wp-content\/uploads\/2024\/02\/Intelligent-Addressable-Fire-Alarm-Control-Panel-LF-X500-300x287.png 300w\" sizes=\"(max-width: 614px) 100vw, 614px\" \/>\t\t\t\t\t\t\t\t\t\t\t\t\t\t\t<\/div>\n\t\t\t\t<\/div>\n\t\t\t\t\t<\/div>\n\t\t<\/div>\n\t\t\t\t<div class=\"elementor-column elementor-col-33 elementor-inner-column elementor-element elementor-element-9364912 cate1-right\" data-id=\"9364912\" data-element_type=\"column\" data-e-type=\"column\">\n\t\t\t<div class=\"elementor-widget-wrap elementor-element-populated\">\n\t\t\t\t\t\t<div class=\"elementor-element elementor-element-6bb9088 elementor-align-right cate1-btn animated-slow elementor-invisible elementor-widget elementor-widget-button\" data-id=\"6bb9088\" data-element_type=\"widget\" data-e-type=\"widget\" data-settings=\"{&quot;_animation&quot;:&quot;fadeInUp&quot;}\" data-widget_type=\"button.default\">\n\t\t\t\t<div class=\"elementor-widget-container\">\n\t\t\t\t\t\t\t\t\t<div class=\"elementor-button-wrapper\">\n\t\t\t\t\t<a class=\"elementor-button elementor-button-link elementor-size-sm\" href=\"\/fr\/product-cat\/x500-series\/\">\n\t\t\t\t\t\t<span class=\"elementor-button-content-wrapper\">\n\t\t\t\t\t\t<span class=\"elementor-button-icon\">\n\t\t\t\t<svg xmlns=\"http:\/\/www.w3.org\/2000\/svg\" width=\"33.172\" height=\"12.061\" viewbox=\"0 0 33.172 12.061\"><g id=\"Group_371438\" data-name=\"Group 371438\" transform=\"translate(-289.5 -784.612)\"><path id=\"Path_1982\" data-name=\"Path 1982\" d=\"M12,0H42\" transform=\"translate(278.5 790.5)\" fill=\"none\" stroke=\"#203a72\" stroke-linecap=\"round\" stroke-width=\"2\"><\/path><path id=\"Path_1981\" data-name=\"Path 1981\" d=\"M333.671,778.892H340.2v6.528\" transform=\"translate(631.461 -0.675) rotate(45)\" fill=\"none\" stroke=\"#203a72\" stroke-linecap=\"round\" stroke-linejoin=\"round\" stroke-width=\"2\"><\/path><\/g><\/svg>\t\t\t<\/span>\n\t\t\t\t\t\t\t\t\t<span class=\"elementor-button-text\">VOIR LES PRODUITS<\/span>\n\t\t\t\t\t<\/span>\n\t\t\t\t\t<\/a>\n\t\t\t\t<\/div>\n\t\t\t\t\t\t\t\t<\/div>\n\t\t\t\t<\/div>\n\t\t\t\t\t<\/div>\n\t\t<\/div>\n\t\t\t\t\t<\/div>\n\t\t<\/section>\n\t\t\t\t\t<\/div>\n\t\t<\/div>\n\t\t\t\t\t<\/div>\n\t\t<\/section>\n\t\t\t\t<section data-particle_enable=\"false\" data-particle-mobile-disabled=\"false\" class=\"elementor-section elementor-top-section elementor-element elementor-element-561e44e cate-product-section elementor-section-boxed elementor-section-height-default elementor-section-height-default\" data-id=\"561e44e\" data-element_type=\"section\" data-e-type=\"section\">\n\t\t\t\t\t\t<div class=\"elementor-container elementor-column-gap-no\">\n\t\t\t\t\t<div class=\"elementor-column elementor-col-33 elementor-top-column elementor-element elementor-element-64e32c3 cate-pr1  animated-slow elementor-invisible\" data-id=\"64e32c3\" data-element_type=\"column\" data-e-type=\"column\" data-settings=\"{&quot;animation&quot;:&quot;fadeInUp&quot;}\">\n\t\t\t<div class=\"elementor-widget-wrap elementor-element-populated\">\n\t\t\t\t\t\t<div class=\"elementor-element elementor-element-41dceda cate-pr-img elementor-widget elementor-widget-image\" data-id=\"41dceda\" data-element_type=\"widget\" data-e-type=\"widget\" data-widget_type=\"image.default\">\n\t\t\t\t<div class=\"elementor-widget-container\">\n\t\t\t\t\t\t\t\t\t\t\t\t\t\t\t<img decoding=\"async\" width=\"614\" height=\"588\" src=\"https:\/\/www.lifeco-uk.com\/wp-content\/uploads\/2024\/01\/Matrix-Fire-Alarm-Control-Pane-2.png\" class=\"attachment-full size-full wp-image-9052\" alt=\"\" srcset=\"https:\/\/www.lifeco-uk.com\/wp-content\/uploads\/2024\/01\/Matrix-Fire-Alarm-Control-Pane-2.png 614w, https:\/\/www.lifeco-uk.com\/wp-content\/uploads\/2024\/01\/Matrix-Fire-Alarm-Control-Pane-2-300x287.png 300w\" sizes=\"(max-width: 614px) 100vw, 614px\" \/>\t\t\t\t\t\t\t\t\t\t\t\t\t\t\t<\/div>\n\t\t\t\t<\/div>\n\t\t\t\t<div class=\"elementor-element elementor-element-fab125b cate-pr-title elementor-widget elementor-widget-heading\" data-id=\"fab125b\" data-element_type=\"widget\" data-e-type=\"widget\" data-widget_type=\"heading.default\">\n\t\t\t\t<div class=\"elementor-widget-container\">\n\t\t\t\t\t<h2 class=\"elementor-heading-title elementor-size-default\">S\u00e9rie Matrix<\/h2>\t\t\t\t<\/div>\n\t\t\t\t<\/div>\n\t\t\t\t<div class=\"elementor-element elementor-element-8eeba46 cate-pr-text elementor-widget elementor-widget-text-editor\" data-id=\"8eeba46\" data-element_type=\"widget\" data-e-type=\"widget\" data-widget_type=\"text-editor.default\">\n\t\t\t\t<div class=\"elementor-widget-container\">\n\t\t\t\t\t\t\t\t\tLa nouvelle gamme de produits d&#039;\u00e9quipement de contr\u00f4le d&#039;alarme incendie Matrix combine le mat\u00e9riel et les logiciels les plus r\u00e9cents pour produire un syst\u00e8me d&#039;indication de contr\u00f4le, puissant et sophistiqu\u00e9, \u00e9galement simple \u00e0 utiliser et \u00e0 comprendre.\t\t\t\t\t\t\t\t<\/div>\n\t\t\t\t<\/div>\n\t\t\t\t<div class=\"elementor-element elementor-element-2c913eb pr-view elementor-widget elementor-widget-text-editor\" data-id=\"2c913eb\" data-element_type=\"widget\" data-e-type=\"widget\" data-widget_type=\"text-editor.default\">\n\t\t\t\t<div class=\"elementor-widget-container\">\n\t\t\t\t\t\t\t\t\t<a href=\"\/fr\/product-cat\/matrix-series\/\">Voir les produits <img decoding=\"async\" src=\"\/wp-content\/uploads\/2023\/12\/linkarrow.svg\" \/><\/a>\t\t\t\t\t\t\t\t<\/div>\n\t\t\t\t<\/div>\n\t\t\t\t\t<\/div>\n\t\t<\/div>\n\t\t\t\t<div class=\"elementor-column elementor-col-33 elementor-top-column elementor-element elementor-element-f77af31 cate-pr2 animated-slow elementor-invisible\" data-id=\"f77af31\" data-element_type=\"column\" data-e-type=\"column\" data-settings=\"{&quot;animation&quot;:&quot;fadeInUp&quot;,&quot;animation_delay&quot;:100}\">\n\t\t\t<div class=\"elementor-widget-wrap\">\n\t\t\t\t\t\t\t<\/div>\n\t\t<\/div>\n\t\t\t\t<div class=\"elementor-column elementor-col-33 elementor-top-column elementor-element elementor-element-7a040fb animated-slow elementor-invisible\" data-id=\"7a040fb\" data-element_type=\"column\" data-e-type=\"column\" data-settings=\"{&quot;animation&quot;:&quot;fadeInUp&quot;,&quot;animation_delay&quot;:200}\">\n\t\t\t<div class=\"elementor-widget-wrap\">\n\t\t\t\t\t\t\t<\/div>\n\t\t<\/div>\n\t\t\t\t\t<\/div>\n\t\t<\/section>\n\t\t\t\t<\/div>","protected":false},"excerpt":{"rendered":"<p>Protect You home, your assets and your loved ones X500 Series The Lifeco X500 Series Addressable Fire Alarm System provides advanced detection and notification capabilities for enhanced fire safety. VIEW PRODUCTS Matrix Series The new Matrix product range fire alarm control equipment combines the very latest hardware &#038; software to produce a control indication system, [&hellip;]<\/p>\n","protected":false},"author":1,"featured_media":0,"parent":8291,"menu_order":0,"comment_status":"closed","ping_status":"closed","template":"","meta":{"_acf_changed":false,"inline_featured_image":false,"site-sidebar-layout":"no-sidebar","site-content-layout":"page-builder","ast-site-content-layout":"full-width-container","site-content-style":"default","site-sidebar-style":"default","ast-global-header-display":"","ast-banner-title-visibility":"","ast-main-header-display":"","ast-hfb-above-header-display":"","ast-hfb-below-header-display":"","ast-hfb-mobile-header-display":"","site-post-title":"disabled","ast-breadcrumbs-content":"","ast-featured-img":"disabled","footer-sml-layout":"","ast-disable-related-posts":"","theme-transparent-header-meta":"default","adv-header-id-meta":"","stick-header-meta":"default","header-above-stick-meta":"","header-main-stick-meta":"","header-below-stick-meta":"","astra-migrate-meta-layouts":"set","ast-page-background-enabled":"default","ast-page-background-meta":{"desktop":{"background-color":"","background-image":"","background-repeat":"repeat","background-position":"center center","background-size":"auto","background-attachment":"scroll","background-type":"","background-media":"","overlay-type":"","overlay-color":"","overlay-opacity":"","overlay-gradient":""},"tablet":{"background-color":"","background-image":"","background-repeat":"repeat","background-position":"center center","background-size":"auto","background-attachment":"scroll","background-type":"","background-media":"","overlay-type":"","overlay-color":"","overlay-opacity":"","overlay-gradient":""},"mobile":{"background-color":"","background-image":"","background-repeat":"repeat","background-position":"center center","background-size":"auto","background-attachment":"scroll","background-type":"","background-media":"","overlay-type":"","overlay-color":"","overlay-opacity":"","overlay-gradient":""}},"ast-content-background-meta":{"desktop":{"background-color":"var(--ast-global-color-5)","background-image":"","background-repeat":"repeat","background-position":"center center","background-size":"auto","background-attachment":"scroll","background-type":"","background-media":"","overlay-type":"","overlay-color":"","overlay-opacity":"","overlay-gradient":""},"tablet":{"background-color":"var(--ast-global-color-5)","background-image":"","background-repeat":"repeat","background-position":"center center","background-size":"auto","background-attachment":"scroll","background-type":"","background-media":"","overlay-type":"","overlay-color":"","overlay-opacity":"","overlay-gradient":""},"mobile":{"background-color":"var(--ast-global-color-5)","background-image":"","background-repeat":"repeat","background-position":"center center","background-size":"auto","background-attachment":"scroll","background-type":"","background-media":"","overlay-type":"","overlay-color":"","overlay-opacity":"","overlay-gradient":""}},"footnotes":""},"class_list":["post-4893","page","type-page","status-publish","hentry"],"acf":[],"_links":{"self":[{"href":"https:\/\/www.lifeco-uk.com\/fr\/wp-json\/wp\/v2\/pages\/4893","targetHints":{"allow":["GET"]}}],"collection":[{"href":"https:\/\/www.lifeco-uk.com\/fr\/wp-json\/wp\/v2\/pages"}],"about":[{"href":"https:\/\/www.lifeco-uk.com\/fr\/wp-json\/wp\/v2\/types\/page"}],"author":[{"embeddable":true,"href":"https:\/\/www.lifeco-uk.com\/fr\/wp-json\/wp\/v2\/users\/1"}],"replies":[{"embeddable":true,"href":"https:\/\/www.lifeco-uk.com\/fr\/wp-json\/wp\/v2\/comments?post=4893"}],"version-history":[{"count":97,"href":"https:\/\/www.lifeco-uk.com\/fr\/wp-json\/wp\/v2\/pages\/4893\/revisions"}],"predecessor-version":[{"id":12854,"href":"https:\/\/www.lifeco-uk.com\/fr\/wp-json\/wp\/v2\/pages\/4893\/revisions\/12854"}],"up":[{"embeddable":true,"href":"https:\/\/www.lifeco-uk.com\/fr\/wp-json\/wp\/v2\/pages\/8291"}],"wp:attachment":[{"href":"https:\/\/www.lifeco-uk.com\/fr\/wp-json\/wp\/v2\/media?parent=4893"}],"curies":[{"name":"wp","href":"https:\/\/api.w.org\/{rel}","templated":true}]}}