{"id":5464,"date":"2024-01-05T07:30:02","date_gmt":"2024-01-05T07:30:02","guid":{"rendered":"https:\/\/www.lifeco-uk.com\/?page_id=5464"},"modified":"2025-08-29T13:26:50","modified_gmt":"2025-08-29T13:26:50","slug":"zone-control-valve","status":"publish","type":"page","link":"https:\/\/www.lifeco-uk.com\/fr\/product-cat\/zone-control-valve\/","title":{"rendered":"Vanne de contr\u00f4le de zone et accessoires de vanne"},"content":{"rendered":"<div data-elementor-type=\"wp-page\" data-elementor-id=\"5464\" class=\"elementor elementor-5464\" data-elementor-post-type=\"page\">\n\t\t\t\t\t\t<section data-particle_enable=\"false\" data-particle-mobile-disabled=\"false\" class=\"elementor-section elementor-top-section elementor-element elementor-element-eae5a19 elementor-section-height-min-height category-banner elementor-section-boxed elementor-section-height-default elementor-section-items-middle\" data-id=\"eae5a19\" data-element_type=\"section\" data-e-type=\"section\" data-settings=\"{&quot;background_background&quot;:&quot;classic&quot;}\">\n\t\t\t\t\t\t<div class=\"elementor-container elementor-column-gap-no\">\n\t\t\t\t\t<div class=\"elementor-column elementor-col-100 elementor-top-column elementor-element elementor-element-4a93dd4\" data-id=\"4a93dd4\" data-element_type=\"column\" data-e-type=\"column\">\n\t\t\t<div class=\"elementor-widget-wrap elementor-element-populated\">\n\t\t\t\t\t\t<div class=\"elementor-element elementor-element-8e8d5d3 cate-title animated-slow elementor-invisible elementor-widget elementor-widget-heading\" data-id=\"8e8d5d3\" data-element_type=\"widget\" data-e-type=\"widget\" data-settings=\"{&quot;_animation&quot;:&quot;fadeInUp&quot;}\" data-widget_type=\"heading.default\">\n\t\t\t\t<div class=\"elementor-widget-container\">\n\t\t\t\t\t<h1 class=\"elementor-heading-title elementor-size-default\">Vanne de contr\u00f4le de zone et accessoires de vanne<\/h1>\t\t\t\t<\/div>\n\t\t\t\t<\/div>\n\t\t\t\t<div class=\"elementor-element elementor-element-7e5ca37 cate-text animated-slow elementor-invisible elementor-widget elementor-widget-text-editor\" data-id=\"7e5ca37\" data-element_type=\"widget\" data-e-type=\"widget\" data-settings=\"{&quot;_animation&quot;:&quot;fadeInUp&quot;,&quot;_animation_delay&quot;:100}\" data-widget_type=\"text-editor.default\">\n\t\t\t\t<div class=\"elementor-widget-container\">\n\t\t\t\t\t\t\t\t\t<p>Prot\u00e9gez votre maison, vos biens et vos proches<\/p>\t\t\t\t\t\t\t\t<\/div>\n\t\t\t\t<\/div>\n\t\t\t\t\t<\/div>\n\t\t<\/div>\n\t\t\t\t\t<\/div>\n\t\t<\/section>\n\t\t\t\t<section data-particle_enable=\"false\" data-particle-mobile-disabled=\"false\" class=\"elementor-section elementor-top-section elementor-element elementor-element-03c1d66 elementor-section-height-min-height cate1-banner elementor-section-boxed elementor-section-height-default elementor-section-items-middle\" data-id=\"03c1d66\" data-element_type=\"section\" data-e-type=\"section\" data-settings=\"{&quot;background_background&quot;:&quot;classic&quot;}\">\n\t\t\t\t\t\t<div class=\"elementor-container elementor-column-gap-no\">\n\t\t\t\t\t<div class=\"elementor-column elementor-col-100 elementor-top-column elementor-element elementor-element-bf58918\" data-id=\"bf58918\" data-element_type=\"column\" data-e-type=\"column\">\n\t\t\t<div class=\"elementor-widget-wrap elementor-element-populated\">\n\t\t\t\t\t\t<section data-particle_enable=\"false\" data-particle-mobile-disabled=\"false\" class=\"elementor-section elementor-inner-section elementor-element elementor-element-f2c4f1e elementor-section-full_width elementor-section-height-min-height cate-1-inner elementor-section-height-default\" data-id=\"f2c4f1e\" data-element_type=\"section\" data-e-type=\"section\" data-settings=\"{&quot;background_background&quot;:&quot;classic&quot;}\">\n\t\t\t\t\t\t<div class=\"elementor-container elementor-column-gap-no\">\n\t\t\t\t\t<div class=\"elementor-column elementor-col-33 elementor-inner-column elementor-element elementor-element-a6f4b23 cate1-left animated-slow elementor-invisible\" data-id=\"a6f4b23\" data-element_type=\"column\" data-e-type=\"column\" data-settings=\"{&quot;animation&quot;:&quot;slideInUp&quot;}\">\n\t\t\t<div class=\"elementor-widget-wrap elementor-element-populated\">\n\t\t\t\t\t\t<div class=\"elementor-element elementor-element-6943ef1 cate1-title elementor-widget elementor-widget-heading\" data-id=\"6943ef1\" data-element_type=\"widget\" data-e-type=\"widget\" data-widget_type=\"heading.default\">\n\t\t\t\t<div class=\"elementor-widget-container\">\n\t\t\t\t\t<h2 class=\"elementor-heading-title elementor-size-default\">ENSEMBLE DE VANNE DE CONTR\u00d4LE DE ZONE<\/h2>\t\t\t\t<\/div>\n\t\t\t\t<\/div>\n\t\t\t\t<div class=\"elementor-element elementor-element-b118e9e cate1-text elementor-widget elementor-widget-text-editor\" data-id=\"b118e9e\" data-element_type=\"widget\" data-e-type=\"widget\" data-widget_type=\"text-editor.default\">\n\t\t\t\t<div class=\"elementor-widget-container\">\n\t\t\t\t\t\t\t\t\tLes vannes de r\u00e9gulation de zone sont con\u00e7ues pour fonctionner gr\u00e2ce \u00e0 l&#039;alimentation \u00e9lectrique. Un syst\u00e8me de sprinklers doit pouvoir s&#039;arr\u00eater apr\u00e8s la ma\u00eetrise de l&#039;incendie, ainsi que pour les op\u00e9rations de maintenance et de modification p\u00e9riodiques. Les vannes de r\u00e9gulation peuvent assurer cette fonction. Dans le syst\u00e8me le plus simple, une seule vanne d&#039;arr\u00eat peut \u00eatre situ\u00e9e \u00e0 l&#039;entr\u00e9e de l&#039;alimentation en eau du b\u00e2timent.\t\t\t\t\t\t\t\t<\/div>\n\t\t\t\t<\/div>\n\t\t\t\t\t<\/div>\n\t\t<\/div>\n\t\t\t\t<div class=\"elementor-column elementor-col-33 elementor-inner-column elementor-element elementor-element-376dfda cate1-mid\" data-id=\"376dfda\" data-element_type=\"column\" data-e-type=\"column\">\n\t\t\t<div class=\"elementor-widget-wrap elementor-element-populated\">\n\t\t\t\t\t\t<div class=\"elementor-element elementor-element-3679f73 cate1-img  animated-slow elementor-invisible elementor-widget elementor-widget-image\" data-id=\"3679f73\" data-element_type=\"widget\" data-e-type=\"widget\" data-settings=\"{&quot;_animation&quot;:&quot;zoomIn&quot;}\" data-widget_type=\"image.default\">\n\t\t\t\t<div class=\"elementor-widget-container\">\n\t\t\t\t\t\t\t\t\t\t\t\t\t\t\t<img fetchpriority=\"high\" decoding=\"async\" width=\"614\" height=\"588\" src=\"https:\/\/www.lifeco-uk.com\/wp-content\/uploads\/2025\/08\/LIFECO-Zone-Control-valve-LF-ZCV-1.png\" class=\"attachment-full size-full wp-image-17053\" alt=\"\" srcset=\"https:\/\/www.lifeco-uk.com\/wp-content\/uploads\/2025\/08\/LIFECO-Zone-Control-valve-LF-ZCV-1.png 614w, https:\/\/www.lifeco-uk.com\/wp-content\/uploads\/2025\/08\/LIFECO-Zone-Control-valve-LF-ZCV-1-300x287.png 300w, https:\/\/www.lifeco-uk.com\/wp-content\/uploads\/2025\/08\/LIFECO-Zone-Control-valve-LF-ZCV-1-13x12.png 13w\" sizes=\"(max-width: 614px) 100vw, 614px\" \/>\t\t\t\t\t\t\t\t\t\t\t\t\t\t\t<\/div>\n\t\t\t\t<\/div>\n\t\t\t\t\t<\/div>\n\t\t<\/div>\n\t\t\t\t<div class=\"elementor-column elementor-col-33 elementor-inner-column elementor-element elementor-element-9364912 cate1-right\" data-id=\"9364912\" data-element_type=\"column\" data-e-type=\"column\">\n\t\t\t<div class=\"elementor-widget-wrap elementor-element-populated\">\n\t\t\t\t\t\t<div class=\"elementor-element elementor-element-6bb9088 elementor-align-right cate1-btn animated-slow elementor-invisible elementor-widget elementor-widget-button\" data-id=\"6bb9088\" data-element_type=\"widget\" data-e-type=\"widget\" data-settings=\"{&quot;_animation&quot;:&quot;fadeInUp&quot;}\" data-widget_type=\"button.default\">\n\t\t\t\t<div class=\"elementor-widget-container\">\n\t\t\t\t\t\t\t\t\t<div class=\"elementor-button-wrapper\">\n\t\t\t\t\t<a class=\"elementor-button elementor-button-link elementor-size-sm\" href=\"\/fr\/products\/zone-control-valve-assembly\/\">\n\t\t\t\t\t\t<span class=\"elementor-button-content-wrapper\">\n\t\t\t\t\t\t<span class=\"elementor-button-icon\">\n\t\t\t\t<svg xmlns=\"http:\/\/www.w3.org\/2000\/svg\" width=\"33.172\" height=\"12.061\" viewbox=\"0 0 33.172 12.061\"><g id=\"Group_371438\" data-name=\"Group 371438\" transform=\"translate(-289.5 -784.612)\"><path id=\"Path_1982\" data-name=\"Path 1982\" d=\"M12,0H42\" transform=\"translate(278.5 790.5)\" fill=\"none\" stroke=\"#203a72\" stroke-linecap=\"round\" stroke-width=\"2\"><\/path><path id=\"Path_1981\" data-name=\"Path 1981\" d=\"M333.671,778.892H340.2v6.528\" transform=\"translate(631.461 -0.675) rotate(45)\" fill=\"none\" stroke=\"#203a72\" stroke-linecap=\"round\" stroke-linejoin=\"round\" stroke-width=\"2\"><\/path><\/g><\/svg>\t\t\t<\/span>\n\t\t\t\t\t\t\t\t\t<span class=\"elementor-button-text\">VOIR LE PRODUIT<\/span>\n\t\t\t\t\t<\/span>\n\t\t\t\t\t<\/a>\n\t\t\t\t<\/div>\n\t\t\t\t\t\t\t\t<\/div>\n\t\t\t\t<\/div>\n\t\t\t\t\t<\/div>\n\t\t<\/div>\n\t\t\t\t\t<\/div>\n\t\t<\/section>\n\t\t\t\t\t<\/div>\n\t\t<\/div>\n\t\t\t\t\t<\/div>\n\t\t<\/section>\n\t\t\t\t<\/div>","protected":false},"excerpt":{"rendered":"<p>Protect You home, your assets and your loved ones ZONE CONTROL VALVE ASSEMBLY Zone control valves are designed to operate utilizing electrical service for actuation. A sprinkler system must be capable of shut down after the fire has been controlled, and for periodic maintenance and modification. Control valves can provide this function. In the simplest [&hellip;]<\/p>\n","protected":false},"author":1,"featured_media":0,"parent":8291,"menu_order":0,"comment_status":"closed","ping_status":"closed","template":"","meta":{"_acf_changed":false,"inline_featured_image":false,"site-sidebar-layout":"no-sidebar","site-content-layout":"page-builder","ast-site-content-layout":"full-width-container","site-content-style":"default","site-sidebar-style":"default","ast-global-header-display":"","ast-banner-title-visibility":"","ast-main-header-display":"","ast-hfb-above-header-display":"","ast-hfb-below-header-display":"","ast-hfb-mobile-header-display":"","site-post-title":"disabled","ast-breadcrumbs-content":"","ast-featured-img":"disabled","footer-sml-layout":"","ast-disable-related-posts":"","theme-transparent-header-meta":"default","adv-header-id-meta":"","stick-header-meta":"default","header-above-stick-meta":"","header-main-stick-meta":"","header-below-stick-meta":"","astra-migrate-meta-layouts":"set","ast-page-background-enabled":"default","ast-page-background-meta":{"desktop":{"background-color":"","background-image":"","background-repeat":"repeat","background-position":"center center","background-size":"auto","background-attachment":"scroll","background-type":"","background-media":"","overlay-type":"","overlay-color":"","overlay-opacity":"","overlay-gradient":""},"tablet":{"background-color":"","background-image":"","background-repeat":"repeat","background-position":"center center","background-size":"auto","background-attachment":"scroll","background-type":"","background-media":"","overlay-type":"","overlay-color":"","overlay-opacity":"","overlay-gradient":""},"mobile":{"background-color":"","background-image":"","background-repeat":"repeat","background-position":"center center","background-size":"auto","background-attachment":"scroll","background-type":"","background-media":"","overlay-type":"","overlay-color":"","overlay-opacity":"","overlay-gradient":""}},"ast-content-background-meta":{"desktop":{"background-color":"var(--ast-global-color-5)","background-image":"","background-repeat":"repeat","background-position":"center center","background-size":"auto","background-attachment":"scroll","background-type":"","background-media":"","overlay-type":"","overlay-color":"","overlay-opacity":"","overlay-gradient":""},"tablet":{"background-color":"var(--ast-global-color-5)","background-image":"","background-repeat":"repeat","background-position":"center center","background-size":"auto","background-attachment":"scroll","background-type":"","background-media":"","overlay-type":"","overlay-color":"","overlay-opacity":"","overlay-gradient":""},"mobile":{"background-color":"var(--ast-global-color-5)","background-image":"","background-repeat":"repeat","background-position":"center center","background-size":"auto","background-attachment":"scroll","background-type":"","background-media":"","overlay-type":"","overlay-color":"","overlay-opacity":"","overlay-gradient":""}},"footnotes":""},"class_list":["post-5464","page","type-page","status-publish","hentry"],"acf":[],"_links":{"self":[{"href":"https:\/\/www.lifeco-uk.com\/fr\/wp-json\/wp\/v2\/pages\/5464","targetHints":{"allow":["GET"]}}],"collection":[{"href":"https:\/\/www.lifeco-uk.com\/fr\/wp-json\/wp\/v2\/pages"}],"about":[{"href":"https:\/\/www.lifeco-uk.com\/fr\/wp-json\/wp\/v2\/types\/page"}],"author":[{"embeddable":true,"href":"https:\/\/www.lifeco-uk.com\/fr\/wp-json\/wp\/v2\/users\/1"}],"replies":[{"embeddable":true,"href":"https:\/\/www.lifeco-uk.com\/fr\/wp-json\/wp\/v2\/comments?post=5464"}],"version-history":[{"count":19,"href":"https:\/\/www.lifeco-uk.com\/fr\/wp-json\/wp\/v2\/pages\/5464\/revisions"}],"predecessor-version":[{"id":17056,"href":"https:\/\/www.lifeco-uk.com\/fr\/wp-json\/wp\/v2\/pages\/5464\/revisions\/17056"}],"up":[{"embeddable":true,"href":"https:\/\/www.lifeco-uk.com\/fr\/wp-json\/wp\/v2\/pages\/8291"}],"wp:attachment":[{"href":"https:\/\/www.lifeco-uk.com\/fr\/wp-json\/wp\/v2\/media?parent=5464"}],"curies":[{"name":"wp","href":"https:\/\/api.w.org\/{rel}","templated":true}]}}